{"id":411,"date":"2022-11-03T18:43:57","date_gmt":"2022-11-03T21:43:57","guid":{"rendered":"https:\/\/10.44.24.53:9386\/?page_id=411"},"modified":"2022-11-03T18:47:16","modified_gmt":"2022-11-03T21:47:16","slug":"pos-graduacao","status":"publish","type":"page","link":"https:\/\/virtual.ufc.br\/index.php\/pos-graduacao\/","title":{"rendered":"P\u00f3s-gradua\u00e7\u00e3o"},"content":{"rendered":"\t\t<div data-elementor-type=\"wp-page\" data-elementor-id=\"411\" class=\"elementor elementor-411\" data-elementor-post-type=\"page\">\n\t\t\t\t\t\t<section class=\"elementor-section elementor-top-section elementor-element elementor-element-3e37f7a elementor-section-boxed elementor-section-height-default elementor-section-height-default\" data-id=\"3e37f7a\" data-element_type=\"section\" data-e-type=\"section\" data-settings=\"{&quot;jet_parallax_layout_list&quot;:[]}\">\n\t\t\t\t\t\t<div class=\"elementor-container elementor-column-gap-default\">\n\t\t\t\t\t<div class=\"elementor-column elementor-col-100 elementor-top-column elementor-element elementor-element-6ec3c05\" data-id=\"6ec3c05\" data-element_type=\"column\" data-e-type=\"column\">\n\t\t\t<div class=\"elementor-widget-wrap elementor-element-populated\">\n\t\t\t\t\t\t<div class=\"elementor-element elementor-element-f08c7fb elementor-widget elementor-widget-heading\" data-id=\"f08c7fb\" data-element_type=\"widget\" data-e-type=\"widget\" data-widget_type=\"heading.default\">\n\t\t\t\t<div class=\"elementor-widget-container\">\n\t\t\t\t\t<h2 class=\"elementor-heading-title elementor-size-default\">P\u00f3s-gradua\u00e7\u00e3o<\/h2>\t\t\t\t<\/div>\n\t\t\t\t<\/div>\n\t\t\t\t<div class=\"elementor-element elementor-element-be56dad elementor-widget elementor-widget-text-editor\" data-id=\"be56dad\" data-element_type=\"widget\" data-e-type=\"widget\" data-widget_type=\"text-editor.default\">\n\t\t\t\t<div class=\"elementor-widget-container\">\n\t\t\t\t\t\t\t\t\t<p>Aten\u00e7\u00e3o<\/p>\t\t\t\t\t\t\t\t<\/div>\n\t\t\t\t<\/div>\n\t\t\t\t<div class=\"elementor-element elementor-element-bbda532 elementor-widget elementor-widget-text-editor\" data-id=\"bbda532\" data-element_type=\"widget\" data-e-type=\"widget\" data-widget_type=\"text-editor.default\">\n\t\t\t\t<div class=\"elementor-widget-container\">\n\t\t\t\t\t\t\t\t\t<p><strong>Atualmente o Instituto UFC Virtual n\u00e3o tem nenhuma oferta de cursos de P\u00f3s-Gradua\u00e7\u00e3o.<\/strong><\/p>\t\t\t\t\t\t\t\t<\/div>\n\t\t\t\t<\/div>\n\t\t\t\t<div class=\"elementor-element elementor-element-a18910e elementor-widget-divider--view-line elementor-widget elementor-widget-divider\" data-id=\"a18910e\" data-element_type=\"widget\" data-e-type=\"widget\" data-widget_type=\"divider.default\">\n\t\t\t\t<div class=\"elementor-widget-container\">\n\t\t\t\t\t\t\t<div class=\"elementor-divider\">\n\t\t\t<span class=\"elementor-divider-separator\">\n\t\t\t\t\t\t<\/span>\n\t\t<\/div>\n\t\t\t\t\t\t<\/div>\n\t\t\t\t<\/div>\n\t\t\t\t<div class=\"elementor-element elementor-element-ca1283d elementor-widget elementor-widget-text-editor\" data-id=\"ca1283d\" data-element_type=\"widget\" data-e-type=\"widget\" data-widget_type=\"text-editor.default\">\n\t\t\t\t<div class=\"elementor-widget-container\">\n\t\t\t\t\t\t\t\t\t<p>O Instituto Universidade Virtual (UFC Virtual), em parceria com a Universidade Aberta do Brasil (UAB) e o Minist\u00e9rio da Educa\u00e7\u00e3o (MEC) por meio da Secretaria de Educa\u00e7\u00e3o B\u00e1sica (SEB) e a Secretaria de Educa\u00e7\u00e3o Continuada, Alfabetiza\u00e7\u00e3o, Diversidade e Inclus\u00e3o (SECADI) oferece diversos cursos de P\u00f3s-Gradua\u00e7\u00e3o Lato Sensu a dist\u00e2ncia nas \u00e1reas de educa\u00e7\u00e3o e tecnologia com \u00eanfase em metodologias de ensino que utilizam as Tecnologias da Informa\u00e7\u00e3o e Comunica\u00e7\u00e3o (TICs).<\/p><h3><strong>Curso de Especializa\u00e7\u00e3o em\u00a0Coordena\u00e7\u00e3o Pedag\u00f3gica<\/strong><\/h3><p><strong>Dura\u00e7\u00e3o:<\/strong><br \/>O Curso de Especializa\u00e7\u00e3o em\u00a0Coordena\u00e7\u00e3o Pedag\u00f3gica ter\u00e1 dura\u00e7\u00e3o de 405 h\/a e ser\u00e1 realizado em tr\u00eas semestres, sendo dois semestres destinados as atividades te\u00f3ricas e pr\u00e1ticas, e um semestre de orienta\u00e7\u00e3o did\u00e1tica a fim de acompanhar a elabora\u00e7\u00e3o das monografias, que dever\u00e3o ser apresentadas a uma banca como forma obrigat\u00f3ria a conclus\u00e3o do curso.<\/p><p><strong>Diploma\u00e7\u00e3o:<br \/><\/strong>Ao final do curso de P\u00f3s-Gradua\u00e7\u00e3o\u00a0<em>lato sensu<\/em>\u00a0em n\u00edvel de Especializa\u00e7\u00e3o, o aluno que cumprir todas as exig\u00eancias legais e regimentais, far\u00e1 jus ao diploma de Especialista em\u00a0Coordena\u00e7\u00e3o Pedag\u00f3gica\u00a0expedido pela Pr\u00f3-Reitoria de P\u00f3s-Gradua\u00e7\u00e3o da Universidade Federal do Cear\u00e1.<\/p><p><strong>Coordenador Pedag\u00f3gico:<\/strong><br \/>Prof. Edgar Mar\u00e7al de Barros Filho,\u00a0Universidade Federal do Cear\u00e1<br \/>E-mail:\u00a0<a href=\"mailto:%20%3Cscript%20type='text\/javascript'%3E%20%3C!--%20var%20prefix%20=%20'ma'%20+%20'il'%20+%20'to';%20var%20path%20=%20'hr'%20+%20'ef'%20+%20'=';%20var%20addy93541%20=%20'edgar'%20+%20'@';%20addy93541%20=%20addy93541%20+%20'virtual'%20+%20'.'%20+%20'ufc'%20+%20'.'%20+%20'br';%20document.write('%3Ca%20'%20+%20path%20+%20'\\''%20+%20prefix%20+%20':'%20+%20addy93541%20+%20'\\'%3E');%20document.write(addy93541);%20document.write('%3C\\\/a%3E');%20\/\/--%3E\\n%20%3C\/script%3E%3Cscript%20type='text\/javascript'%3E%20%3C!--%20document.write('%3Cspan%20style=\\'display:%20none;\\'%3E');%20\/\/--%3E%20%3C\/script%3EO%20endere%C3%A7o%20de%20e-mail%20address%20est%C3%A1%20sendo%20protegido%20de%20spambots.%20Voc%C3%AA%20precisa%20ativar%20o%20JavaScript%20enabled%20para%20v%C3%AA-lo.%20%3Cscript%20type='text\/javascript'%3E%20%3C!--%20document.write('%3C\/');%20document.write('span%3E');%20\/\/--%3E%20%3C\/script%3E\">\u00a0<\/a><a href=\"mailto:edgar@virtual.ufc.br\">edgar@virtual.ufc.br<\/a><\/p><p>\u00a0<strong>Inscri\u00e7\u00f5es: N\u00e3o dispon\u00edvel<\/strong><\/p><h3><strong>Curso de Especializa\u00e7\u00e3o em Gest\u00e3o Escolar<\/strong><\/h3><div id=\"articlecontent\"><p><strong>Dura\u00e7\u00e3o:<\/strong><br \/>O Curso de Especializa\u00e7\u00e3o em Gest\u00e3o Escolar (Escola de Gestores) ter\u00e1 dura\u00e7\u00e3o de 432 h\/a e ser\u00e1 realizado em tr\u00eas semestres, sendo dois semestres destinados as atividades te\u00f3ricas e pr\u00e1ticas, e um semestre de orienta\u00e7\u00e3o did\u00e1tica a fim de acompanhar a elabora\u00e7\u00e3o das monografias, que dever\u00e3o ser apresentadas a uma banca como forma obrigat\u00f3ria a conclus\u00e3o do curso.<\/p><p><strong>Diploma\u00e7\u00e3o:<br \/><\/strong>Ao final do curso de P\u00f3s-Gradua\u00e7\u00e3o\u00a0<em>lato sensu<\/em>\u00a0em n\u00edvel de Especializa\u00e7\u00e3o, o aluno que cumprir todas as exig\u00eancias legais e regimentais, far\u00e1 jus ao diploma de Especialista em Gest\u00e3o Escolar expedido pela Pr\u00f3-Reitoria de P\u00f3s-Gradua\u00e7\u00e3o da Universidade Federal do Cear\u00e1.<\/p><p><strong>Coordenador Pedag\u00f3gico:<\/strong><br \/>Prof. Jos\u00e9 Rog\u00e9rio Santana,\u00a0Universidade Federal do Cear\u00e1<br \/>E-mail:\u00a0<a href=\"mailto:%20%3Cscript%20type='text\/javascript'%3E%20%3C!--%20var%20prefix%20=%20'ma'%20+%20'il'%20+%20'to';%20var%20path%20=%20'hr'%20+%20'ef'%20+%20'=';%20var%20addy85408%20=%20'herbert'%20+%20'@';%20addy85408%20=%20addy85408%20+%20'virtual'%20+%20'.'%20+%20'ufc'%20+%20'.'%20+%20'br';%20document.write('%3Ca%20'%20+%20path%20+%20'\\''%20+%20prefix%20+%20':'%20+%20addy85408%20+%20'\\'%3E');%20document.write(addy85408);%20document.write('%3C\\\/a%3E');%20\/\/--%3E\\n%20%3C\/script%3E%3Cscript%20type='text\/javascript'%3E%20%3C!--%20document.write('%3Cspan%20style=\\'display:%20none;\\'%3E');%20\/\/--%3E%20%3C\/script%3EO%20endere%C3%A7o%20de%20e-mail%20address%20est%C3%A1%20sendo%20protegido%20de%20spambots.%20Voc%C3%AA%20precisa%20ativar%20o%20JavaScript%20enabled%20para%20v%C3%AA-lo.%20%3Cscript%20type='text\/javascript'%3E%20%3C!--%20document.write('%3C\/');%20document.write('span%3E');%20\/\/--%3E%20%3C\/script%3E\">\u00a0<\/a><a href=\"mailto:rogerio@virtual.ufc.br\">rogerio@virtual.ufc.br<\/a><\/p><p>\u00a0<strong>Inscri\u00e7\u00f5es: N\u00e3o dispon\u00edvel<\/strong><\/p><\/div>\t\t\t\t\t\t\t\t<\/div>\n\t\t\t\t<\/div>\n\t\t\t\t\t<\/div>\n\t\t<\/div>\n\t\t\t\t\t<\/div>\n\t\t<\/section>\n\t\t\t\t<\/div>\n\t\t","protected":false},"excerpt":{"rendered":"<p>P\u00f3s-gradua\u00e7\u00e3o Aten\u00e7\u00e3o Atualmente o Instituto UFC Virtual n\u00e3o tem nenhuma oferta de cursos de P\u00f3s-Gradua\u00e7\u00e3o. O Instituto Universidade Virtual (UFC Virtual), em parceria com a Universidade Aberta do Brasil (UAB) e o Minist\u00e9rio da Educa\u00e7\u00e3o (MEC) por meio da Secretaria de Educa\u00e7\u00e3o B\u00e1sica (SEB) e a Secretaria de Educa\u00e7\u00e3o Continuada, Alfabetiza\u00e7\u00e3o, Diversidade e Inclus\u00e3o (SECADI) [&hellip;]<\/p>\n","protected":false},"author":1,"featured_media":0,"parent":0,"menu_order":0,"comment_status":"closed","ping_status":"closed","template":"","meta":{"footnotes":""},"class_list":["post-411","page","type-page","status-publish","hentry"],"_links":{"self":[{"href":"https:\/\/virtual.ufc.br\/index.php\/wp-json\/wp\/v2\/pages\/411","targetHints":{"allow":["GET"]}}],"collection":[{"href":"https:\/\/virtual.ufc.br\/index.php\/wp-json\/wp\/v2\/pages"}],"about":[{"href":"https:\/\/virtual.ufc.br\/index.php\/wp-json\/wp\/v2\/types\/page"}],"author":[{"embeddable":true,"href":"https:\/\/virtual.ufc.br\/index.php\/wp-json\/wp\/v2\/users\/1"}],"replies":[{"embeddable":true,"href":"https:\/\/virtual.ufc.br\/index.php\/wp-json\/wp\/v2\/comments?post=411"}],"version-history":[{"count":4,"href":"https:\/\/virtual.ufc.br\/index.php\/wp-json\/wp\/v2\/pages\/411\/revisions"}],"predecessor-version":[{"id":415,"href":"https:\/\/virtual.ufc.br\/index.php\/wp-json\/wp\/v2\/pages\/411\/revisions\/415"}],"wp:attachment":[{"href":"https:\/\/virtual.ufc.br\/index.php\/wp-json\/wp\/v2\/media?parent=411"}],"curies":[{"name":"wp","href":"https:\/\/api.w.org\/{rel}","templated":true}]}}