{"id":2047,"date":"2025-05-28T16:13:26","date_gmt":"2025-05-28T19:13:26","guid":{"rendered":"https:\/\/virtual.ufc.br\/?page_id=2047"},"modified":"2025-07-28T18:50:26","modified_gmt":"2025-07-28T21:50:26","slug":"links-e-provas-ii","status":"publish","type":"page","link":"https:\/\/virtual.ufc.br\/index.php\/links-e-provas-ii\/","title":{"rendered":"Links e Provas &#8211; II"},"content":{"rendered":"\t\t<div data-elementor-type=\"wp-page\" data-elementor-id=\"2047\" class=\"elementor elementor-2047\" data-elementor-post-type=\"page\">\n\t\t\t\t<div class=\"elementor-element elementor-element-6243fa3 e-flex e-con-boxed e-con e-parent\" data-id=\"6243fa3\" data-element_type=\"container\" data-e-type=\"container\" data-settings=\"{&quot;jet_parallax_layout_list&quot;:[]}\">\n\t\t\t\t\t<div class=\"e-con-inner\">\n\t\t\t\t<div class=\"elementor-element elementor-element-d4d224c elementor-widget elementor-widget-heading\" data-id=\"d4d224c\" data-element_type=\"widget\" data-e-type=\"widget\" data-widget_type=\"heading.default\">\n\t\t\t\t<div class=\"elementor-widget-container\">\n\t\t\t\t\t<h2 class=\"elementor-heading-title elementor-size-default\">LINKS E PROVAS<\/h2>\t\t\t\t<\/div>\n\t\t\t\t<\/div>\n\t\t\t\t\t<\/div>\n\t\t\t\t<\/div>\n\t\t<div class=\"elementor-element elementor-element-23dbe32 e-flex e-con-boxed e-con e-parent\" data-id=\"23dbe32\" data-element_type=\"container\" data-e-type=\"container\" data-settings=\"{&quot;jet_parallax_layout_list&quot;:[]}\">\n\t\t\t\t\t<div class=\"e-con-inner\">\n\t\t<div class=\"elementor-element elementor-element-802628b e-con-full e-flex e-con e-child\" data-id=\"802628b\" data-element_type=\"container\" data-e-type=\"container\" data-settings=\"{&quot;jet_parallax_layout_list&quot;:[]}\">\n\t\t<div class=\"elementor-element elementor-element-34a82c6 e-con-full e-flex e-con e-child\" data-id=\"34a82c6\" data-element_type=\"container\" data-e-type=\"container\" data-settings=\"{&quot;jet_parallax_layout_list&quot;:[]}\">\n\t\t\t\t<div class=\"elementor-element elementor-element-7d9a04d elementor-widget elementor-widget-jet-banner\" data-id=\"7d9a04d\" data-element_type=\"widget\" data-e-type=\"widget\" data-widget_type=\"jet-banner.default\">\n\t\t\t\t<div class=\"elementor-widget-container\">\n\t\t\t\t\t<div class=\"elementor-jet-banner jet-elements\"><figure class=\"jet-banner jet-effect-lily\"><a href=\"https:\/\/drive.google.com\/drive\/folders\/18LoZZTxtxQAbr5kCxgRBujeK3U8J3wLd?usp=sharing\" class=\"jet-banner__link\" target=\"_blank\"><div class=\"jet-banner__overlay\"><\/div><img decoding=\"async\" src=\"https:\/\/community.latromi.com.br\/uploads\/default\/original\/2X\/0\/08f4e4a672ae7f81231d5c767b4264350ad2d4f8.png\" alt=\"\" width=\"\" height=\"\" class=\"jet-banner__img\"><figcaption class=\"jet-banner__content\"><div class=\"jet-banner__content-wrap\"><\/div><\/figcaption><\/a><\/figure>\n<\/div>\t\t\t\t<\/div>\n\t\t\t\t<\/div>\n\t\t\t\t<div class=\"elementor-element elementor-element-11be0a5 elementor-widget elementor-widget-heading\" data-id=\"11be0a5\" data-element_type=\"widget\" data-e-type=\"widget\" data-widget_type=\"heading.default\">\n\t\t\t\t<div class=\"elementor-widget-container\">\n\t\t\t\t\t<h2 class=\"elementor-heading-title elementor-size-default\">Programa\u00e7\u00e3o I - Turma A <\/h2>\t\t\t\t<\/div>\n\t\t\t\t<\/div>\n\t\t\t\t<\/div>\n\t\t<div class=\"elementor-element elementor-element-ddc2aec e-con-full e-flex e-con e-child\" data-id=\"ddc2aec\" data-element_type=\"container\" data-e-type=\"container\" data-settings=\"{&quot;jet_parallax_layout_list&quot;:[]}\">\n\t\t\t\t<div class=\"elementor-element elementor-element-c8620e9 elementor-widget elementor-widget-jet-banner\" data-id=\"c8620e9\" data-element_type=\"widget\" data-e-type=\"widget\" data-widget_type=\"jet-banner.default\">\n\t\t\t\t<div class=\"elementor-widget-container\">\n\t\t\t\t\t<div class=\"elementor-jet-banner jet-elements\"><figure class=\"jet-banner jet-effect-lily\"><a href=\"https:\/\/drive.google.com\/drive\/folders\/1KZGTIz56CeBBAqNVqf0lf9gaXbPyjdIw?usp=sharing\" class=\"jet-banner__link\" target=\"_blank\"><div class=\"jet-banner__overlay\"><\/div><img decoding=\"async\" src=\"https:\/\/community.latromi.com.br\/uploads\/default\/original\/2X\/0\/08f4e4a672ae7f81231d5c767b4264350ad2d4f8.png\" alt=\"\" width=\"\" height=\"\" class=\"jet-banner__img\"><figcaption class=\"jet-banner__content\"><div class=\"jet-banner__content-wrap\"><\/div><\/figcaption><\/a><\/figure>\n<\/div>\t\t\t\t<\/div>\n\t\t\t\t<\/div>\n\t\t\t\t<div class=\"elementor-element elementor-element-14944a0 elementor-widget elementor-widget-heading\" data-id=\"14944a0\" data-element_type=\"widget\" data-e-type=\"widget\" data-widget_type=\"heading.default\">\n\t\t\t\t<div class=\"elementor-widget-container\">\n\t\t\t\t\t<h2 class=\"elementor-heading-title elementor-size-default\">Programa\u00e7\u00e3o I - Turma B<\/h2>\t\t\t\t<\/div>\n\t\t\t\t<\/div>\n\t\t\t\t<\/div>\n\t\t<div class=\"elementor-element elementor-element-a1abc7d e-con-full e-flex e-con e-child\" data-id=\"a1abc7d\" data-element_type=\"container\" data-e-type=\"container\" data-settings=\"{&quot;jet_parallax_layout_list&quot;:[]}\">\n\t\t\t\t<div class=\"elementor-element elementor-element-4df4847 elementor-widget elementor-widget-jet-banner\" data-id=\"4df4847\" data-element_type=\"widget\" data-e-type=\"widget\" data-widget_type=\"jet-banner.default\">\n\t\t\t\t<div class=\"elementor-widget-container\">\n\t\t\t\t\t<div class=\"elementor-jet-banner jet-elements\"><figure class=\"jet-banner jet-effect-lily\"><a href=\"https:\/\/drive.google.com\/drive\/folders\/1t398TB7EQkzjB5Gl9G3ktwH72mzukzKS\" class=\"jet-banner__link\" target=\"_blank\"><div class=\"jet-banner__overlay\"><\/div><img decoding=\"async\" src=\"https:\/\/community.latromi.com.br\/uploads\/default\/original\/2X\/0\/08f4e4a672ae7f81231d5c767b4264350ad2d4f8.png\" alt=\"\" width=\"\" height=\"\" class=\"jet-banner__img\"><figcaption class=\"jet-banner__content\"><div class=\"jet-banner__content-wrap\"><\/div><\/figcaption><\/a><\/figure>\n<\/div>\t\t\t\t<\/div>\n\t\t\t\t<\/div>\n\t\t\t\t<div class=\"elementor-element elementor-element-dd481e6 elementor-widget elementor-widget-heading\" data-id=\"dd481e6\" data-element_type=\"widget\" data-e-type=\"widget\" data-widget_type=\"heading.default\">\n\t\t\t\t<div class=\"elementor-widget-container\">\n\t\t\t\t\t<h2 class=\"elementor-heading-title elementor-size-default\">Prova Henrique<\/h2>\t\t\t\t<\/div>\n\t\t\t\t<\/div>\n\t\t\t\t<\/div>\n\t\t\t\t<\/div>\n\t\t<div class=\"elementor-element elementor-element-00d1249 e-con-full e-flex e-con e-child\" data-id=\"00d1249\" data-element_type=\"container\" data-e-type=\"container\" data-settings=\"{&quot;jet_parallax_layout_list&quot;:[]}\">\n\t\t<div class=\"elementor-element elementor-element-12f1b85 e-con-full e-flex e-con e-child\" data-id=\"12f1b85\" data-element_type=\"container\" data-e-type=\"container\" data-settings=\"{&quot;jet_parallax_layout_list&quot;:[]}\">\n\t\t\t\t<div class=\"elementor-element elementor-element-64d934e elementor-widget elementor-widget-jet-banner\" data-id=\"64d934e\" data-element_type=\"widget\" data-e-type=\"widget\" data-widget_type=\"jet-banner.default\">\n\t\t\t\t<div class=\"elementor-widget-container\">\n\t\t\t\t\t<div class=\"elementor-jet-banner jet-elements\"><figure class=\"jet-banner jet-effect-lily\"><a href=\"https:\/\/www.figma.com\/pt-br\/\" class=\"jet-banner__link\" target=\"_blank\"><div class=\"jet-banner__overlay\"><\/div><img decoding=\"async\" src=\"https:\/\/gotrialpro.com\/wp-content\/uploads\/edd\/2024\/07\/Figma-Free-Plan.png\" alt=\"\" width=\"\" height=\"\" class=\"jet-banner__img\"><figcaption class=\"jet-banner__content\"><div class=\"jet-banner__content-wrap\"><\/div><\/figcaption><\/a><\/figure>\n<\/div>\t\t\t\t<\/div>\n\t\t\t\t<\/div>\n\t\t\t\t<\/div>\n\t\t<div class=\"elementor-element elementor-element-06adc02 e-con-full e-flex e-con e-child\" data-id=\"06adc02\" data-element_type=\"container\" data-e-type=\"container\" data-settings=\"{&quot;jet_parallax_layout_list&quot;:[]}\">\n\t\t\t\t<div class=\"elementor-element elementor-element-5805845 elementor-widget elementor-widget-jet-banner\" data-id=\"5805845\" data-element_type=\"widget\" data-e-type=\"widget\" data-widget_type=\"jet-banner.default\">\n\t\t\t\t<div class=\"elementor-widget-container\">\n\t\t\t\t\t<div class=\"elementor-jet-banner jet-elements\"><figure class=\"jet-banner jet-effect-lily\"><a href=\"https:\/\/www.photopea.com\/\" class=\"jet-banner__link\" target=\"_blank\"><div class=\"jet-banner__overlay\"><\/div><img decoding=\"async\" src=\"https:\/\/sm.pcmag.com\/t\/pcmag_au\/review\/p\/photopea\/photopea_v7dq.1920.jpg\" alt=\"\" width=\"\" height=\"\" class=\"jet-banner__img\"><figcaption class=\"jet-banner__content\"><div class=\"jet-banner__content-wrap\"><\/div><\/figcaption><\/a><\/figure>\n<\/div>\t\t\t\t<\/div>\n\t\t\t\t<\/div>\n\t\t\t\t<\/div>\n\t\t\t\t<\/div>\n\t\t<div class=\"elementor-element elementor-element-6299951 e-con-full e-flex e-con e-child\" data-id=\"6299951\" data-element_type=\"container\" data-e-type=\"container\" data-settings=\"{&quot;jet_parallax_layout_list&quot;:[]}\">\n\t\t<div class=\"elementor-element elementor-element-afd552f e-con-full e-flex e-con e-child\" data-id=\"afd552f\" data-element_type=\"container\" data-e-type=\"container\" data-settings=\"{&quot;jet_parallax_layout_list&quot;:[]}\">\n\t\t\t\t<div class=\"elementor-element elementor-element-9a0194a elementor-widget elementor-widget-jet-banner\" data-id=\"9a0194a\" data-element_type=\"widget\" data-e-type=\"widget\" data-widget_type=\"jet-banner.default\">\n\t\t\t\t<div class=\"elementor-widget-container\">\n\t\t\t\t\t<div class=\"elementor-jet-banner jet-elements\"><figure class=\"jet-banner jet-effect-lily\"><a href=\"https:\/\/processing.org\/reference\/\" class=\"jet-banner__link\" target=\"_blank\"><div class=\"jet-banner__overlay\"><\/div><img decoding=\"async\" src=\"https:\/\/designsystems.international\/static\/c0195756071631f0572eb3aa33a7bfcf\/9f9a1\/processing-logo.png\" alt=\"\" width=\"\" height=\"\" class=\"jet-banner__img\"><figcaption class=\"jet-banner__content\"><div class=\"jet-banner__content-wrap\"><\/div><\/figcaption><\/a><\/figure>\n<\/div>\t\t\t\t<\/div>\n\t\t\t\t<\/div>\n\t\t\t\t<div class=\"elementor-element elementor-element-42c8700 elementor-widget elementor-widget-heading\" data-id=\"42c8700\" data-element_type=\"widget\" data-e-type=\"widget\" data-widget_type=\"heading.default\">\n\t\t\t\t<div class=\"elementor-widget-container\">\n\t\t\t\t\t<h2 class=\"elementor-heading-title elementor-size-default\">Processing - Refer\u00eancia<\/h2>\t\t\t\t<\/div>\n\t\t\t\t<\/div>\n\t\t\t\t<\/div>\n\t\t\t\t<\/div>\n\t\t\t\t\t<\/div>\n\t\t\t\t<\/div>\n\t\t\t\t<\/div>\n\t\t","protected":false},"excerpt":{"rendered":"<p>LINKS E PROVAS Programa\u00e7\u00e3o I &#8211; Turma A Programa\u00e7\u00e3o I &#8211; Turma B Prova Henrique Processing &#8211; Refer\u00eancia<\/p>\n","protected":false},"author":1,"featured_media":0,"parent":0,"menu_order":0,"comment_status":"closed","ping_status":"closed","template":"elementor_canvas","meta":{"footnotes":""},"class_list":["post-2047","page","type-page","status-publish","hentry"],"_links":{"self":[{"href":"https:\/\/virtual.ufc.br\/index.php\/wp-json\/wp\/v2\/pages\/2047","targetHints":{"allow":["GET"]}}],"collection":[{"href":"https:\/\/virtual.ufc.br\/index.php\/wp-json\/wp\/v2\/pages"}],"about":[{"href":"https:\/\/virtual.ufc.br\/index.php\/wp-json\/wp\/v2\/types\/page"}],"author":[{"embeddable":true,"href":"https:\/\/virtual.ufc.br\/index.php\/wp-json\/wp\/v2\/users\/1"}],"replies":[{"embeddable":true,"href":"https:\/\/virtual.ufc.br\/index.php\/wp-json\/wp\/v2\/comments?post=2047"}],"version-history":[{"count":13,"href":"https:\/\/virtual.ufc.br\/index.php\/wp-json\/wp\/v2\/pages\/2047\/revisions"}],"predecessor-version":[{"id":2243,"href":"https:\/\/virtual.ufc.br\/index.php\/wp-json\/wp\/v2\/pages\/2047\/revisions\/2243"}],"wp:attachment":[{"href":"https:\/\/virtual.ufc.br\/index.php\/wp-json\/wp\/v2\/media?parent=2047"}],"curies":[{"name":"wp","href":"https:\/\/api.w.org\/{rel}","templated":true}]}}